{"id":73,"date":"2022-12-15T08:19:45","date_gmt":"2022-12-15T14:19:45","guid":{"rendered":"https:\/\/clientes.picoegallo.com\/cultura\/?page_id=73"},"modified":"2022-12-15T11:15:48","modified_gmt":"2022-12-15T17:15:48","slug":"registro","status":"publish","type":"page","link":"https:\/\/escazu.go.cr\/cultura\/?page_id=73","title":{"rendered":"Registro"},"content":{"rendered":"<div class=\"wpb-content-wrapper\"><p>[vc_row][vc_column][vc_column_text]<\/p>\n<h1 style=\"text-align: center;\"><span style=\"color: #43169a;\">\u00a1Bienvenido\/a!<\/span><\/h1>\n<p>Gracias por querer ser parte de Escaz\u00fa es Cultura. El siguiente formulario tiene como objetivo reco- lectar informaci\u00f3n sobre su perfil cultural para registrarlo en el directorio de artistas. Una vez envia- da la informaci\u00f3n ser\u00e1 revisada por los encargados de Escaz\u00fa es Cultura, quienes se contactar\u00e1n con usted para terminar su proceso de registro.<\/p>\n<p>[\/vc_column_text][vc_column_text]<br \/>\n        <form enctype=\"multipart\/form-data\" method=\"post\" id=\"wppb-register-user\" class=\"wppb-user-forms wppb-register-user wppb-user-logged-out\" action=\"https:\/\/escazu.go.cr\/cultura\/index.php?rest_route=%2Fwp%2Fv2%2Fpages%2F73\">\n\t\t\t<ul><li class=\"wppb-form-field wppb-default-username\" id=\"wppb-form-element-2\">\n\t\t\t<label for=\"username\">Usuario<span class=\"wppb-required\" title=\"Este campo es requerido\">*<\/span><\/label>\n\t\t\t<input class=\"text-input default_field_username \" name=\"username\" maxlength=\"70\" type=\"text\" id=\"username\" value=\"\"  \/><\/li><li class=\"wppb-form-field wppb-default-first-name\" id=\"wppb-form-element-3\">\n\t\t\t<label for=\"first_name\">Nombre<span class=\"wppb-required\" title=\"Este campo es requerido\">*<\/span><\/label>\n\t\t\t<input class=\"text-input default_field_firstname \" name=\"first_name\" maxlength=\"70\" type=\"text\" id=\"first_name\" value=\"\"  \/><\/li><li class=\"wppb-form-field wppb-default-last-name\" id=\"wppb-form-element-4\">\n\t\t\t<label for=\"last_name\">Apellido<span class=\"wppb-required\" title=\"Este campo es requerido\">*<\/span><\/label>\n\t\t\t<input class=\"text-input default_field_lastname \" name=\"last_name\" maxlength=\"70\" type=\"text\" id=\"last_name\" value=\"\" \/><\/li><li class=\"wppb-form-field wppb-default-e-mail\" id=\"wppb-form-element-8\">\n\t\t\t<label for=\"email\">E-mail<span class=\"wppb-required\" title=\"Este campo es requerido\">*<\/span><\/label>\n\t\t\t<input class=\"text-input default_field_email \" name=\"email\" maxlength=\"70\" type=\"email\" id=\"email\" value=\"\"   \/><\/li><li class=\"wppb-form-field wppb-input\" id=\"wppb-form-element-17\">\n\t\t\t\t<label for=\"custom_cedula\">C\u00e9dula<span class=\"wppb-required\" title=\"Este campo es requerido\">*<\/span><\/label>\n\t\t\t\t<input class=\"extra_field_input \" name=\"custom_cedula\" maxlength=\"250\" type=\"text\" id=\"custom_cedula\" value=\"\" \/><\/li><li class=\"wppb-form-field wppb-input\" id=\"wppb-form-element-18\">\n\t\t\t\t<label for=\"custom_telefono\">Tel\u00e9fono<span class=\"wppb-required\" title=\"Este campo es requerido\">*<\/span><\/label>\n\t\t\t\t<input class=\"extra_field_input \" name=\"custom_telefono\" maxlength=\"250\" type=\"text\" id=\"custom_telefono\" value=\"\" \/><\/li><li class=\"wppb-form-field wppb-default-password\" id=\"wppb-form-element-12\"><div class=\"wppb-password-group\">\n\t\t\t\t<div class=\"wppb-password-subfield wppb-new-password-subfield\">\n\t\t\t\t\t<label for=\"passw1\">Contrase\u00f1a<span class=\"wppb-required\" title=\"Este campo es requerido\">*<\/span><\/label>\n\t\t            <span class=\"wppb-password-field-container\">\n\t\t\t\t\t    <input class=\"text-input \" name=\"passw1\" maxlength=\"70\" type=\"password\" id=\"passw1\" value=\"\" autocomplete=\"off\" \/>\n\t\t\t\t\t     <!-- add the HTML for the visibility toggle -->\n\t\t\t\t\t<\/span>\n\t\t\t\t<\/div><\/div><span class=\"wppb-description-delimiter\"> <\/span><\/li><li class=\"wppb-form-field wppb-default-repeat-password\" id=\"wppb-form-element-13\">\n\t\t\t<label for=\"passw2\">Repetir contrase\u00f1a<span class=\"wppb-required\" title=\"Este campo es requerido\">*<\/span><\/label>\n\t\t\t<span class=\"wppb-password-field-container\">\n\t\t\t    <input class=\"text-input \" name=\"passw2\" maxlength=\"70\" type=\"password\" id=\"passw2\" value=\"\" autocomplete=\"off\" \/>\n\t\t\t     <!-- add the HTML for the visibility toggle -->\n\t\t\t<\/span><\/li><li class=\"wppb-form-field wppb-input\" id=\"wppb-form-element-14\">\n\t\t\t\t<label for=\"custom_nombre_artistico\">Nombre art\u00edstico<span class=\"wppb-required\" title=\"Este campo es requerido\">*<\/span><\/label>\n\t\t\t\t<input class=\"extra_field_input \" name=\"custom_nombre_artistico\" maxlength=\"250\" type=\"text\" id=\"custom_nombre_artistico\" value=\"\" \/><\/li><li class=\"wppb-form-field wppb-select\" id=\"wppb-form-element-15\">\n\t\t\t\t<label for=\"custom_categoria\">Actividad cultural en la que trabaja o colabora<span class=\"wppb-required\" title=\"Este campo es requerido\">*<\/span><\/label>\n\t\t\t\t<select name=\"custom_categoria\" id=\"custom_categoria\" class=\"custom_field_select\" ><option value=\"M\u00fasica\" class=\"custom_field_select_option \" >M\u00fasica<\/option><option value=\"Artes esc\u00e9nicas\" class=\"custom_field_select_option \" >Artes esc\u00e9nicas<\/option><option value=\"Artesan\u00eda\" class=\"custom_field_select_option \" >Artesan\u00eda<\/option><option value=\"Artes visuales\" class=\"custom_field_select_option \" >Artes visuales<\/option><option value=\"Dise\u00f1o\" class=\"custom_field_select_option \" >Dise\u00f1o<\/option><option value=\"Gesti\u00f3n y producci\u00f3n cultural\" class=\"custom_field_select_option \" >Gesti\u00f3n y producci\u00f3n cultural<\/option><option value=\"Patrimonio cultural\" class=\"custom_field_select_option \" >Patrimonio cultural<\/option><option value=\"Audiovisual\" class=\"custom_field_select_option \" >Audiovisual<\/option><option value=\"Literatura y editorial\" class=\"custom_field_select_option \" >Literatura y editorial<\/option><option value=\"Publicidad\" class=\"custom_field_select_option \" >Publicidad<\/option>\n\t\t\t\t<\/select><\/li><li class=\"wppb-form-field wppb-input\" id=\"wppb-form-element-16\">\n\t\t\t\t<label for=\"custom_hace_cuanto\">\u00bfDesde hace cu\u00e1nto realiza esa actividad?<span class=\"wppb-required\" title=\"Este campo es requerido\">*<\/span><\/label>\n\t\t\t\t<input class=\"extra_field_input \" name=\"custom_hace_cuanto\" maxlength=\"250\" type=\"text\" id=\"custom_hace_cuanto\" value=\"\" \/><\/li><li class=\"wppb-form-field wppb-input\" id=\"wppb-form-element-19\">\n\t\t\t\t<label for=\"custom_porque_ser_parte\">\u00bfPor qu\u00e9 quiere ser parte del Directorio Cultural?<span class=\"wppb-required\" title=\"Este campo es requerido\">*<\/span><\/label>\n\t\t\t\t<input class=\"extra_field_input \" name=\"custom_porque_ser_parte\" maxlength=\"250\" type=\"text\" id=\"custom_porque_ser_parte\" value=\"\" \/><\/li><li class=\"wppb-form-field wppb-input\" id=\"wppb-form-element-20\">\n\t\t\t\t<label for=\"custom_info_cultural\">\u00bfQue informaci\u00f3n cultural le interesa ingresar en el Directorio Cultural?<span class=\"wppb-required\" title=\"Este campo es requerido\">*<\/span><\/label>\n\t\t\t\t<input class=\"extra_field_input \" name=\"custom_info_cultural\" maxlength=\"250\" type=\"text\" id=\"custom_info_cultural\" value=\"\" \/><\/li><li class=\"wppb-form-field wppb-input\" id=\"wppb-form-element-21\">\n\t\t\t\t<label for=\"custom_autorizacion\">\u00bfCuenta con autorizaci\u00f3n para ingresar esa informaci\u00f3n en el Directorio Cultural?<span class=\"wppb-required\" title=\"Este campo es requerido\">*<\/span><\/label>\n\t\t\t\t<input class=\"extra_field_input \" name=\"custom_autorizacion\" maxlength=\"250\" type=\"text\" id=\"custom_autorizacion\" value=\"\" \/><\/li><li class=\"wppb-form-field wppb-input\" id=\"wppb-form-element-22\">\n\t\t\t\t<label for=\"custom_como_se_entero\">\u00bfC\u00f3mo se enter\u00f3 del Directorio Cultural?<span class=\"wppb-required\" title=\"Este campo es requerido\">*<\/span><\/label>\n\t\t\t\t<input class=\"extra_field_input \" name=\"custom_como_se_entero\" maxlength=\"250\" type=\"text\" id=\"custom_como_se_entero\" value=\"\" \/><\/li><\/ul><ul><li class=\"wppb-form-field wppb-send-credentials-checkbox\"><label for=\"send_credentials_via_email\"><input id=\"send_credentials_via_email\" type=\"checkbox\" name=\"send_credentials_via_email\" value=\"sending\"\/>Enviar los credenciales por correo.<\/label><\/li><\/ul><\/ul>\t\t\t<p class=\"form-submit\"  >\n\t\t\t\t                \t\t\t\t<input name=\"register\" type=\"submit\" id=\"register\" class=\"submit button\" value=\"Registrarse\" \/>\n                <input name=\"redirect_to\" type=\"hidden\" value=\"\" \/>\n                \t\t\t\t<input name=\"action\" type=\"hidden\" id=\"action\" value=\"register\" \/>\n\t\t\t\t<input name=\"form_name\" type=\"hidden\" id=\"form_name\" value=\"unspecified\" \/>\n\t\t\t\t<input name=\"form_id\" type=\"hidden\" id=\"form_id\" value=\"\" \/>\n\t\t\t\t\t\t\t<\/p><!-- .form-submit -->\n\t\t\t<input type=\"hidden\" id=\"register_unspecified_nonce_field\" name=\"register_unspecified_nonce_field\" value=\"ac0fa406de\" \/><input type=\"hidden\" name=\"_wp_http_referer\" value=\"\/cultura\/index.php?rest_route=%2Fwp%2Fv2%2Fpages%2F73\" \/>\t\t<\/form>\n\t\t<br \/>\n[\/vc_column_text][\/vc_column][\/vc_row]<\/p>\n<\/div>","protected":false},"excerpt":{"rendered":"<p>[vc_row][vc_column][vc_column_text] \u00a1Bienvenido\/a! Gracias por querer ser parte de Escaz\u00fa es Cultura. El siguiente formulario tiene como objetivo reco- lectar informaci\u00f3n sobre su perfil cultural para registrarlo en el directorio de [&hellip;]<\/p>\n","protected":false},"author":1,"featured_media":0,"parent":0,"menu_order":0,"comment_status":"closed","ping_status":"closed","template":"","meta":{"_citadela_hide_page_title":"","_citadela_remove_header_space":"","_citadela_custom_class":"","_citadela_half_map_provider":"","_citadela_half_map_theme":"","_citadela_half_map_themeOSM":"","_citadela_half_map_customTheme":"","_citadela_half_map_dataType":"","_citadela_half_map_dynamicTrack":false,"_citadela_half_map_trackColor":"","_citadela_half_map_trackEndpointsColor":"","_citadela_half_map_filterCategory":"","_citadela_half_map_filterLocation":"","_citadela_half_map_filterFeatured":false,"_citadela_half_map_noDataBehavior":"empty-map","_citadela_half_map_noDataText":"","_citadela_half_map_clusterGridSize":80,"_citadela_header":false,"_citadela_header_over_content":false,"_citadela_header_text_color":"","_citadela_header_logo":[],"_citadela_header_bg_image":[],"_citadela_header_bg_position":[],"_citadela_header_bg_size":"","_citadela_header_bg_repeat":"","_citadela_header_bg_fixed":false,"_citadela_header_bg_color":"","_citadela_header_bg_image_overlay":"","_citadela_header_transparent_bg":false,"_citadela_content_width":"","_citadela_half_layout_position":"","footnotes":""},"class_list":["post-73","page","type-page","status-publish","hentry"],"_links":{"self":[{"href":"https:\/\/escazu.go.cr\/cultura\/index.php?rest_route=\/wp\/v2\/pages\/73","targetHints":{"allow":["GET"]}}],"collection":[{"href":"https:\/\/escazu.go.cr\/cultura\/index.php?rest_route=\/wp\/v2\/pages"}],"about":[{"href":"https:\/\/escazu.go.cr\/cultura\/index.php?rest_route=\/wp\/v2\/types\/page"}],"author":[{"embeddable":true,"href":"https:\/\/escazu.go.cr\/cultura\/index.php?rest_route=\/wp\/v2\/users\/1"}],"replies":[{"embeddable":true,"href":"https:\/\/escazu.go.cr\/cultura\/index.php?rest_route=%2Fwp%2Fv2%2Fcomments&post=73"}],"version-history":[{"count":0,"href":"https:\/\/escazu.go.cr\/cultura\/index.php?rest_route=\/wp\/v2\/pages\/73\/revisions"}],"wp:attachment":[{"href":"https:\/\/escazu.go.cr\/cultura\/index.php?rest_route=%2Fwp%2Fv2%2Fmedia&parent=73"}],"curies":[{"name":"wp","href":"https:\/\/api.w.org\/{rel}","templated":true}]}}